{"id":6,"date":"2022-09-08T09:51:38","date_gmt":"2022-09-08T07:51:38","guid":{"rendered":"http:\/\/erasmus.eik.regeneracja.org.pl\/?page_id=6"},"modified":"2023-02-27T20:27:06","modified_gmt":"2023-02-27T19:27:06","slug":"strona-glowna","status":"publish","type":"page","link":"https:\/\/erasmus.eik.regeneracja.org.pl\/","title":{"rendered":"Strona g\u0142\u00f3wna"},"content":{"rendered":"<div class=\"wp-block-image is-style-rounded\">\n<figure class=\"aligncenter size-full\"><img loading=\"lazy\" decoding=\"async\" width=\"500\" height=\"500\" src=\"http:\/\/erasmus.eik.regeneracja.org.pl\/wp-content\/uploads\/2023\/02\/logo-Erasmus-poprawione.png\" alt=\"\" class=\"wp-image-226\" srcset=\"https:\/\/erasmus.eik.regeneracja.org.pl\/wp-content\/uploads\/2023\/02\/logo-Erasmus-poprawione.png 500w, https:\/\/erasmus.eik.regeneracja.org.pl\/wp-content\/uploads\/2023\/02\/logo-Erasmus-poprawione-300x300.png 300w, https:\/\/erasmus.eik.regeneracja.org.pl\/wp-content\/uploads\/2023\/02\/logo-Erasmus-poprawione-150x150.png 150w\" sizes=\"auto, (max-width: 500px) 100vw, 500px\" \/><\/figure>\n<\/div>\n\n\n<p class=\"has-text-align-center\">Celem projektu jest stworzenie innowacyjnej oferty warsztatowej rozwijaj\u0105cej kompetencje os\u00f3b doros\u0142ych, senior\u00f3w i os\u00f3b pracuj\u0105cych z nimi, w zakresie szkole\u0144<br>z kompetencji kluczowych, umiej\u0119tno\u015bci mi\u0119kkich, cyfrowych, tworzenia tre\u015bci, informacji, umiej\u0119tno\u015bci spo\u0142ecznych<br>i przedsi\u0119biorczych. A tak\u017ce wypracowanie innowacyjnego zbioru\/kola\u017cu przepis\u00f3w uniwersalnych, b\u0119d\u0105cych efektem po\u0142\u0105czenia smak\u00f3w r\u00f3\u017cnych kraj\u00f3w i do\u015bwiadczenia partner\u00f3w, dzi\u0119ki kt\u00f3remu powstan\u0105 unikatowe, zdrowe kompozycje smakowe, wychodz\u0105ce poza ramy kraj\u00f3w.<\/p>\n\n\n\n<p class=\"has-text-align-center\"><strong>Fundacja edukacyjno-sportowa w partnerstwie z \u0160al\u010dinink\u0173 rajono savivaldyb\u0117s kult\u016bros centras i FUNDACI\u00d3 PRIVADA CENTRE I ENERGIA realizuj\u0105 projekt<\/strong><\/p>\n\n\n\n<h2 class=\"has-text-align-center wp-block-heading\">&#8220;Europejski Inkubator Kulinarny. Dziedzictwo kulinarne, kt\u00f3re \u0142\u0105czy, inspiruje i rozwija.&#8221;<\/h2>\n\n\n\n<hr class=\"wp-block-separator aligncenter has-alpha-channel-opacity is-style-wide\"\/>\n\n\n\n<div class=\"wp-block-columns is-layout-flex wp-container-core-columns-is-layout-9d6595d7 wp-block-columns-is-layout-flex\">\n<div class=\"wp-block-column is-layout-flow wp-block-column-is-layout-flow\"><div class=\"wp-block-image\">\n<figure class=\"aligncenter size-thumbnail\"><img loading=\"lazy\" decoding=\"async\" width=\"150\" height=\"150\" src=\"http:\/\/erasmus.eik.regeneracja.org.pl\/wp-content\/uploads\/2022\/09\/1-150x150.png\" alt=\"\" class=\"wp-image-15\" srcset=\"https:\/\/erasmus.eik.regeneracja.org.pl\/wp-content\/uploads\/2022\/09\/1-150x150.png 150w, https:\/\/erasmus.eik.regeneracja.org.pl\/wp-content\/uploads\/2022\/09\/1-300x300.png 300w, https:\/\/erasmus.eik.regeneracja.org.pl\/wp-content\/uploads\/2022\/09\/1.png 500w\" sizes=\"auto, (max-width: 150px) 100vw, 150px\" \/><figcaption class=\"wp-element-caption\">Hiszpania<\/figcaption><\/figure>\n<\/div><\/div>\n\n\n\n<div class=\"wp-block-column is-layout-flow wp-block-column-is-layout-flow\"><div class=\"wp-block-image\">\n<figure class=\"aligncenter size-thumbnail\"><img loading=\"lazy\" decoding=\"async\" width=\"150\" height=\"150\" src=\"http:\/\/erasmus.eik.regeneracja.org.pl\/wp-content\/uploads\/2022\/09\/2-150x150.png\" alt=\"\" class=\"wp-image-16\" srcset=\"https:\/\/erasmus.eik.regeneracja.org.pl\/wp-content\/uploads\/2022\/09\/2-150x150.png 150w, https:\/\/erasmus.eik.regeneracja.org.pl\/wp-content\/uploads\/2022\/09\/2-300x300.png 300w, https:\/\/erasmus.eik.regeneracja.org.pl\/wp-content\/uploads\/2022\/09\/2.png 500w\" sizes=\"auto, (max-width: 150px) 100vw, 150px\" \/><figcaption class=\"wp-element-caption\">Polska<\/figcaption><\/figure>\n<\/div><\/div>\n\n\n\n<div class=\"wp-block-column is-layout-flow wp-block-column-is-layout-flow\"><div class=\"wp-block-image\">\n<figure class=\"aligncenter size-thumbnail\"><img loading=\"lazy\" decoding=\"async\" width=\"150\" height=\"150\" src=\"http:\/\/erasmus.eik.regeneracja.org.pl\/wp-content\/uploads\/2022\/09\/3-150x150.png\" alt=\"\" class=\"wp-image-17\" srcset=\"https:\/\/erasmus.eik.regeneracja.org.pl\/wp-content\/uploads\/2022\/09\/3-150x150.png 150w, https:\/\/erasmus.eik.regeneracja.org.pl\/wp-content\/uploads\/2022\/09\/3-300x300.png 300w, https:\/\/erasmus.eik.regeneracja.org.pl\/wp-content\/uploads\/2022\/09\/3.png 500w\" sizes=\"auto, (max-width: 150px) 100vw, 150px\" \/><figcaption class=\"wp-element-caption\">Litwa<\/figcaption><\/figure>\n<\/div><\/div>\n<\/div>\n\n\n\n<hr class=\"wp-block-separator aligncenter has-alpha-channel-opacity is-style-wide\"\/>\n\n\n\n<h2 class=\"wp-block-heading\">Partnerzy<\/h2>\n\n\n\n<div class=\"wp-block-columns is-layout-flex wp-container-core-columns-is-layout-9d6595d7 wp-block-columns-is-layout-flex\">\n<div class=\"wp-block-column is-layout-flow wp-block-column-is-layout-flow\">\n<figure class=\"wp-block-image size-full\"><img loading=\"lazy\" decoding=\"async\" width=\"496\" height=\"503\" src=\"http:\/\/erasmus.eik.regeneracja.org.pl\/wp-content\/uploads\/2023\/02\/Nou_logo_JPEG-removebg-preview.png\" alt=\"\" class=\"wp-image-220\" srcset=\"https:\/\/erasmus.eik.regeneracja.org.pl\/wp-content\/uploads\/2023\/02\/Nou_logo_JPEG-removebg-preview.png 496w, https:\/\/erasmus.eik.regeneracja.org.pl\/wp-content\/uploads\/2023\/02\/Nou_logo_JPEG-removebg-preview-296x300.png 296w\" sizes=\"auto, (max-width: 496px) 100vw, 496px\" \/><\/figure>\n<\/div>\n\n\n\n<div class=\"wp-block-column is-layout-flow wp-block-column-is-layout-flow\">\n<figure class=\"wp-block-image size-full\"><img loading=\"lazy\" decoding=\"async\" width=\"500\" height=\"500\" src=\"http:\/\/erasmus.eik.regeneracja.org.pl\/wp-content\/uploads\/2022\/09\/10-1.png\" alt=\"\" class=\"wp-image-74\" srcset=\"https:\/\/erasmus.eik.regeneracja.org.pl\/wp-content\/uploads\/2022\/09\/10-1.png 500w, https:\/\/erasmus.eik.regeneracja.org.pl\/wp-content\/uploads\/2022\/09\/10-1-300x300.png 300w, https:\/\/erasmus.eik.regeneracja.org.pl\/wp-content\/uploads\/2022\/09\/10-1-150x150.png 150w\" sizes=\"auto, (max-width: 500px) 100vw, 500px\" \/><\/figure>\n<\/div>\n\n\n\n<div class=\"wp-block-column is-layout-flow wp-block-column-is-layout-flow\">\n<figure class=\"wp-block-image size-full\"><img loading=\"lazy\" decoding=\"async\" width=\"500\" height=\"500\" src=\"http:\/\/erasmus.eik.regeneracja.org.pl\/wp-content\/uploads\/2022\/09\/11.png\" alt=\"\" class=\"wp-image-47\" srcset=\"https:\/\/erasmus.eik.regeneracja.org.pl\/wp-content\/uploads\/2022\/09\/11.png 500w, https:\/\/erasmus.eik.regeneracja.org.pl\/wp-content\/uploads\/2022\/09\/11-300x300.png 300w, https:\/\/erasmus.eik.regeneracja.org.pl\/wp-content\/uploads\/2022\/09\/11-150x150.png 150w\" sizes=\"auto, (max-width: 500px) 100vw, 500px\" \/><\/figure>\n<\/div>\n<\/div>\n\n\n\n<hr class=\"wp-block-separator aligncenter has-alpha-channel-opacity is-style-wide\"\/>\n\n\n\n<div class=\"wp-block-columns is-layout-flex wp-container-core-columns-is-layout-9d6595d7 wp-block-columns-is-layout-flex\">\n<div class=\"wp-block-column is-layout-flow wp-block-column-is-layout-flow\"><div class=\"wp-block-image\">\n<figure class=\"aligncenter size-medium\"><img loading=\"lazy\" decoding=\"async\" width=\"300\" height=\"300\" src=\"http:\/\/erasmus.eik.regeneracja.org.pl\/wp-content\/uploads\/2022\/09\/4-300x300.png\" alt=\"\" class=\"wp-image-60\" srcset=\"https:\/\/erasmus.eik.regeneracja.org.pl\/wp-content\/uploads\/2022\/09\/4-300x300.png 300w, https:\/\/erasmus.eik.regeneracja.org.pl\/wp-content\/uploads\/2022\/09\/4-150x150.png 150w, https:\/\/erasmus.eik.regeneracja.org.pl\/wp-content\/uploads\/2022\/09\/4.png 500w\" sizes=\"auto, (max-width: 300px) 100vw, 300px\" \/><figcaption class=\"wp-element-caption\"><strong>Kulinaria<\/strong><\/figcaption><\/figure>\n<\/div><\/div>\n\n\n\n<div class=\"wp-block-column is-layout-flow wp-block-column-is-layout-flow\"><div class=\"wp-block-image\">\n<figure class=\"aligncenter size-medium\"><img loading=\"lazy\" decoding=\"async\" width=\"300\" height=\"300\" src=\"http:\/\/erasmus.eik.regeneracja.org.pl\/wp-content\/uploads\/2022\/09\/5-300x300.png\" alt=\"\" class=\"wp-image-61\" srcset=\"https:\/\/erasmus.eik.regeneracja.org.pl\/wp-content\/uploads\/2022\/09\/5-300x300.png 300w, https:\/\/erasmus.eik.regeneracja.org.pl\/wp-content\/uploads\/2022\/09\/5-150x150.png 150w, https:\/\/erasmus.eik.regeneracja.org.pl\/wp-content\/uploads\/2022\/09\/5.png 500w\" sizes=\"auto, (max-width: 300px) 100vw, 300px\" \/><figcaption class=\"wp-element-caption\"><strong>Integracja<\/strong><\/figcaption><\/figure>\n<\/div><\/div>\n\n\n\n<div class=\"wp-block-column is-layout-flow wp-block-column-is-layout-flow\"><div class=\"wp-block-image\">\n<figure class=\"aligncenter size-medium\"><img loading=\"lazy\" decoding=\"async\" width=\"300\" height=\"300\" src=\"http:\/\/erasmus.eik.regeneracja.org.pl\/wp-content\/uploads\/2022\/09\/6-300x300.png\" alt=\"\" class=\"wp-image-62\" srcset=\"https:\/\/erasmus.eik.regeneracja.org.pl\/wp-content\/uploads\/2022\/09\/6-300x300.png 300w, https:\/\/erasmus.eik.regeneracja.org.pl\/wp-content\/uploads\/2022\/09\/6-150x150.png 150w, https:\/\/erasmus.eik.regeneracja.org.pl\/wp-content\/uploads\/2022\/09\/6.png 500w\" sizes=\"auto, (max-width: 300px) 100vw, 300px\" \/><figcaption class=\"wp-element-caption\"><strong>Ekologia<\/strong><\/figcaption><\/figure>\n<\/div><\/div>\n<\/div>\n\n\n\n<div class=\"wp-block-columns is-layout-flex wp-container-core-columns-is-layout-9d6595d7 wp-block-columns-is-layout-flex\">\n<div class=\"wp-block-column is-layout-flow wp-block-column-is-layout-flow\"><div class=\"wp-block-image\">\n<figure class=\"aligncenter size-medium\"><img loading=\"lazy\" decoding=\"async\" width=\"300\" height=\"300\" src=\"http:\/\/erasmus.eik.regeneracja.org.pl\/wp-content\/uploads\/2022\/09\/7-300x300.png\" alt=\"\" class=\"wp-image-63\" srcset=\"https:\/\/erasmus.eik.regeneracja.org.pl\/wp-content\/uploads\/2022\/09\/7-300x300.png 300w, https:\/\/erasmus.eik.regeneracja.org.pl\/wp-content\/uploads\/2022\/09\/7-150x150.png 150w, https:\/\/erasmus.eik.regeneracja.org.pl\/wp-content\/uploads\/2022\/09\/7.png 500w\" sizes=\"auto, (max-width: 300px) 100vw, 300px\" \/><figcaption class=\"wp-element-caption\"><strong>Zero Waste<\/strong><\/figcaption><\/figure>\n<\/div><\/div>\n\n\n\n<div class=\"wp-block-column is-layout-flow wp-block-column-is-layout-flow\"><div class=\"wp-block-image\">\n<figure class=\"aligncenter size-medium\"><img loading=\"lazy\" decoding=\"async\" width=\"300\" height=\"300\" src=\"http:\/\/erasmus.eik.regeneracja.org.pl\/wp-content\/uploads\/2022\/09\/8-300x300.png\" alt=\"\" class=\"wp-image-64\" srcset=\"https:\/\/erasmus.eik.regeneracja.org.pl\/wp-content\/uploads\/2022\/09\/8-300x300.png 300w, https:\/\/erasmus.eik.regeneracja.org.pl\/wp-content\/uploads\/2022\/09\/8-150x150.png 150w, https:\/\/erasmus.eik.regeneracja.org.pl\/wp-content\/uploads\/2022\/09\/8.png 500w\" sizes=\"auto, (max-width: 300px) 100vw, 300px\" \/><figcaption class=\"wp-element-caption\"><strong>Bud\u017cet Domowy<\/strong><\/figcaption><\/figure>\n<\/div><\/div>\n\n\n\n<div class=\"wp-block-column is-layout-flow wp-block-column-is-layout-flow\"><div class=\"wp-block-image\">\n<figure class=\"aligncenter size-medium\"><img loading=\"lazy\" decoding=\"async\" width=\"300\" height=\"300\" src=\"http:\/\/erasmus.eik.regeneracja.org.pl\/wp-content\/uploads\/2022\/09\/9-300x300.png\" alt=\"\" class=\"wp-image-65\" srcset=\"https:\/\/erasmus.eik.regeneracja.org.pl\/wp-content\/uploads\/2022\/09\/9-300x300.png 300w, https:\/\/erasmus.eik.regeneracja.org.pl\/wp-content\/uploads\/2022\/09\/9-150x150.png 150w, https:\/\/erasmus.eik.regeneracja.org.pl\/wp-content\/uploads\/2022\/09\/9.png 500w\" sizes=\"auto, (max-width: 300px) 100vw, 300px\" \/><figcaption class=\"wp-element-caption\"><strong>Partnerstwo<\/strong><\/figcaption><\/figure>\n<\/div><\/div>\n<\/div>\n\n\n\n<hr class=\"wp-block-separator aligncenter has-alpha-channel-opacity is-style-wide\"\/>\n\n\n\n<div class=\"wp-block-columns is-layout-flex wp-container-core-columns-is-layout-9d6595d7 wp-block-columns-is-layout-flex\">\n<div class=\"wp-block-column is-layout-flow wp-block-column-is-layout-flow\">\n<p>&#8220;The European Commission\u2019s support for the production of any publication on this site does not constitute an endorsement of the contents, which reflect the views only of the authors, and the Commission cannot be held responsible for any use which may be made of the information contained therein.<\/p>\n\n\n\n<p>Wsparcie Komisji Europejskiej dla produkcji wszelkich publikacji na tej stronie nie stanowi poparcia dla tre\u015bci, kt\u00f3re odzwierciedlaj\u0105 jedynie pogl\u0105dy autor\u00f3w, a Komisja nie ponosi odpowiedzialno\u015bci za jakiekolwiek wykorzystanie zawartych w niej informacji.&#8221;<\/p>\n<\/div>\n\n\n\n<div class=\"wp-block-column is-layout-flow wp-block-column-is-layout-flow\">\n<figure class=\"wp-block-image size-large\"><img loading=\"lazy\" decoding=\"async\" width=\"1024\" height=\"183\" src=\"http:\/\/erasmus.eik.regeneracja.org.pl\/wp-content\/uploads\/2023\/02\/PL-Wspolfinansowane-przez-Unie-Europejska_POS-1024x183.png\" alt=\"\" class=\"wp-image-221\" srcset=\"https:\/\/erasmus.eik.regeneracja.org.pl\/wp-content\/uploads\/2023\/02\/PL-Wspolfinansowane-przez-Unie-Europejska_POS-1024x183.png 1024w, https:\/\/erasmus.eik.regeneracja.org.pl\/wp-content\/uploads\/2023\/02\/PL-Wspolfinansowane-przez-Unie-Europejska_POS-300x54.png 300w, https:\/\/erasmus.eik.regeneracja.org.pl\/wp-content\/uploads\/2023\/02\/PL-Wspolfinansowane-przez-Unie-Europejska_POS-768x137.png 768w, https:\/\/erasmus.eik.regeneracja.org.pl\/wp-content\/uploads\/2023\/02\/PL-Wspolfinansowane-przez-Unie-Europejska_POS-1536x275.png 1536w, https:\/\/erasmus.eik.regeneracja.org.pl\/wp-content\/uploads\/2023\/02\/PL-Wspolfinansowane-przez-Unie-Europejska_POS-2048x366.png 2048w\" sizes=\"auto, (max-width: 1024px) 100vw, 1024px\" \/><\/figure>\n\n\n\n<figure class=\"wp-block-image size-large\"><img loading=\"lazy\" decoding=\"async\" width=\"1024\" height=\"215\" src=\"http:\/\/erasmus.eik.regeneracja.org.pl\/wp-content\/uploads\/2023\/02\/EN-Funded-by-the-EU-POS-1024x215.png\" alt=\"\" class=\"wp-image-223\" srcset=\"https:\/\/erasmus.eik.regeneracja.org.pl\/wp-content\/uploads\/2023\/02\/EN-Funded-by-the-EU-POS-1024x215.png 1024w, https:\/\/erasmus.eik.regeneracja.org.pl\/wp-content\/uploads\/2023\/02\/EN-Funded-by-the-EU-POS-300x63.png 300w, https:\/\/erasmus.eik.regeneracja.org.pl\/wp-content\/uploads\/2023\/02\/EN-Funded-by-the-EU-POS-768x161.png 768w, https:\/\/erasmus.eik.regeneracja.org.pl\/wp-content\/uploads\/2023\/02\/EN-Funded-by-the-EU-POS-1536x322.png 1536w, https:\/\/erasmus.eik.regeneracja.org.pl\/wp-content\/uploads\/2023\/02\/EN-Funded-by-the-EU-POS-2048x430.png 2048w\" sizes=\"auto, (max-width: 1024px) 100vw, 1024px\" \/><\/figure>\n<\/div>\n<\/div>\n","protected":false},"excerpt":{"rendered":"<p>Celem projektu jest stworzenie innowacyjnej oferty warsztatowej rozwijaj\u0105cej kompetencje [&hellip;]<\/p>\n","protected":false},"author":1,"featured_media":0,"parent":0,"menu_order":0,"comment_status":"closed","ping_status":"closed","template":"","meta":{"footnotes":""},"class_list":["post-6","page","type-page","status-publish","hentry"],"_links":{"self":[{"href":"https:\/\/erasmus.eik.regeneracja.org.pl\/index.php?rest_route=\/wp\/v2\/pages\/6","targetHints":{"allow":["GET"]}}],"collection":[{"href":"https:\/\/erasmus.eik.regeneracja.org.pl\/index.php?rest_route=\/wp\/v2\/pages"}],"about":[{"href":"https:\/\/erasmus.eik.regeneracja.org.pl\/index.php?rest_route=\/wp\/v2\/types\/page"}],"author":[{"embeddable":true,"href":"https:\/\/erasmus.eik.regeneracja.org.pl\/index.php?rest_route=\/wp\/v2\/users\/1"}],"replies":[{"embeddable":true,"href":"https:\/\/erasmus.eik.regeneracja.org.pl\/index.php?rest_route=%2Fwp%2Fv2%2Fcomments&post=6"}],"version-history":[{"count":20,"href":"https:\/\/erasmus.eik.regeneracja.org.pl\/index.php?rest_route=\/wp\/v2\/pages\/6\/revisions"}],"predecessor-version":[{"id":227,"href":"https:\/\/erasmus.eik.regeneracja.org.pl\/index.php?rest_route=\/wp\/v2\/pages\/6\/revisions\/227"}],"wp:attachment":[{"href":"https:\/\/erasmus.eik.regeneracja.org.pl\/index.php?rest_route=%2Fwp%2Fv2%2Fmedia&parent=6"}],"curies":[{"name":"wp","href":"https:\/\/api.w.org\/{rel}","templated":true}]}}