{"id":44,"date":"2022-09-08T10:53:04","date_gmt":"2022-09-08T08:53:04","guid":{"rendered":"http:\/\/erasmus.eik.regeneracja.org.pl\/?page_id=44"},"modified":"2023-03-14T11:50:41","modified_gmt":"2023-03-14T10:50:41","slug":"partnerzy","status":"publish","type":"page","link":"http:\/\/erasmus.eik.regeneracja.org.pl\/?page_id=44","title":{"rendered":"Partnerzy"},"content":{"rendered":"\n<div class=\"wp-block-columns alignfull is-layout-flex wp-container-core-columns-is-layout-9d6595d7 wp-block-columns-is-layout-flex\">\n<div class=\"wp-block-column is-layout-flow wp-block-column-is-layout-flow\" style=\"flex-basis:50%\">\n<div class=\"wp-block-cover is-light\" style=\"min-height:600px;aspect-ratio:unset;\"><span aria-hidden=\"true\" class=\"wp-block-cover__background has-background-dim-100 has-background-dim\" style=\"background-color:#e0e9f6\"><\/span><div class=\"wp-block-cover__inner-container is-layout-flow wp-block-cover-is-layout-flow\"><div class=\"wp-block-image\">\n<figure class=\"aligncenter size-full\"><img loading=\"lazy\" decoding=\"async\" width=\"500\" height=\"500\" src=\"http:\/\/erasmus.eik.regeneracja.org.pl\/wp-content\/uploads\/2022\/09\/10.png\" alt=\"\" class=\"wp-image-46\" srcset=\"http:\/\/erasmus.eik.regeneracja.org.pl\/wp-content\/uploads\/2022\/09\/10.png 500w, http:\/\/erasmus.eik.regeneracja.org.pl\/wp-content\/uploads\/2022\/09\/10-300x300.png 300w, http:\/\/erasmus.eik.regeneracja.org.pl\/wp-content\/uploads\/2022\/09\/10-150x150.png 150w\" sizes=\"auto, (max-width: 500px) 100vw, 500px\" \/><\/figure>\n<\/div><\/div><\/div>\n<\/div>\n\n\n\n<div class=\"wp-block-column is-vertically-aligned-center is-layout-flow wp-block-column-is-layout-flow\" style=\"padding-top:1em;padding-right:1em;padding-bottom:1em;padding-left:1em\">\n<div class=\"wp-block-columns is-layout-flex wp-container-core-columns-is-layout-9d6595d7 wp-block-columns-is-layout-flex\">\n<div class=\"wp-block-column is-layout-flow wp-block-column-is-layout-flow\" style=\"flex-basis:320px\">\n<p class=\"has-small-font-size\" style=\"line-height:1.6\"><strong>Fundacja edukacyjno-sportowa reGeneracja<\/strong><\/p>\n\n\n\n<p>Fundacja dzia\u0142a od po\u0142owy 2014 roku. Od tego czasu fundacja zrealizowa\u0142a ponad 20 projekt\u00f3w z zakresu aktywizacji<br>spo\u0142eczno-zawodowej pozyskuj\u0105c na ten cel \u015brodki publiczne zar\u00f3wno ze \u017ar\u00f3de\u0142 krajowych jak i zagranicznych. Fundacja<br>zosta\u0142a stworzona z my\u015bl\u0105 o wspieraniu wszechstronnego rozwoju min. senior\u00f3w, w szczeg\u00f3lno\u015bci poprzez pobudzanie ich<br>aktywno\u015bci spo\u0142ecznej, kulturalnej, gospodarczej i fizycznej. Cele organizacji skupiaj\u0105 si\u0119 przede wszystkim wok\u00f3\u0142<br>inicjowania i podejmowania dzia\u0142a\u0144 wspieraj\u0105cych zar\u00f3wno wszechstronny rozw\u00f3j i aktywizacj\u0119 os\u00f3b starszych poprzez<br>przekazywanie wiedzy z r\u00f3\u017cnych dziedzin w formach edukacji pozaformalnej. W codzienn\u0105 prac\u0119 w organizacji<br>zaanga\u017cowany jest Zarz\u0105d, 3 pracownik\u00f3w pe\u0142noetatowych, ksi\u0119gowa. Osoby pracuj\u0105ce w fundacji to osoby z<br>wykszta\u0142ceniem wy\u017cszym humanistycznym\/administracyjnym, posiadaj\u0105ce przygotowanie pedagogiczne i do\u015bwiadczone w<br>pracy zar\u00f3wno w warunkach edukacji formalnej jak i pozaformalnej.<\/p>\n<\/div>\n<\/div>\n<\/div>\n<\/div>\n\n\n\n<div class=\"wp-block-columns alignfull is-layout-flex wp-container-core-columns-is-layout-9d6595d7 wp-block-columns-is-layout-flex\">\n<div class=\"wp-block-column is-layout-flow wp-block-column-is-layout-flow\" style=\"flex-basis:50%\">\n<div class=\"wp-block-cover is-light\" style=\"min-height:600px;aspect-ratio:unset;\"><span aria-hidden=\"true\" class=\"wp-block-cover__background has-background-dim-100 has-background-dim\" style=\"background-color:#e0e6f9\"><\/span><div class=\"wp-block-cover__inner-container is-layout-flow wp-block-cover-is-layout-flow\"><div class=\"wp-block-image\">\n<figure class=\"aligncenter size-full\"><img loading=\"lazy\" decoding=\"async\" width=\"496\" height=\"503\" src=\"http:\/\/erasmus.eik.regeneracja.org.pl\/wp-content\/uploads\/2023\/02\/Nou_logo_JPEG-removebg-preview.png\" alt=\"\" class=\"wp-image-220\" srcset=\"http:\/\/erasmus.eik.regeneracja.org.pl\/wp-content\/uploads\/2023\/02\/Nou_logo_JPEG-removebg-preview.png 496w, http:\/\/erasmus.eik.regeneracja.org.pl\/wp-content\/uploads\/2023\/02\/Nou_logo_JPEG-removebg-preview-296x300.png 296w\" sizes=\"auto, (max-width: 496px) 100vw, 496px\" \/><\/figure>\n<\/div><\/div><\/div>\n<\/div>\n\n\n\n<div class=\"wp-block-column is-vertically-aligned-center is-layout-flow wp-block-column-is-layout-flow\" style=\"padding-top:1em;padding-right:1em;padding-bottom:1em;padding-left:1em\">\n<div class=\"wp-block-columns is-layout-flex wp-container-core-columns-is-layout-9d6595d7 wp-block-columns-is-layout-flex\">\n<div class=\"wp-block-column is-layout-flow wp-block-column-is-layout-flow\" style=\"flex-basis:320px\">\n<p class=\"has-small-font-size\" style=\"line-height:1.6\"><strong>FUNDACI\u00d3 PRIVADA CENTRE I ENERGIA<\/strong><\/p>\n\n\n\n<p>G\u0142\u00f3wne zadania Centrum Kultury to: prowadzenie zaj\u0119\u0107 z zakresu edukacji i animacji kulturalnej, organizacja w\u0142asnych<br>imprez, wsp\u00f3\u0142organizacja miejskich wydarze\u0144 kulturalnych. W swojej bogatej ofercie Dom Kultury posiada kilkadziesi\u0105t<br>zaj\u0119\u0107 dla maluch\u00f3w, dzieci, m\u0142odzie\u017cy, doros\u0142ych i senior\u00f3w, kt\u00f3re prowadzone s\u0105 przez fachow\u0105 i wszechstronnie<br>przygotowan\u0105 kadr\u0119 instruktor\u00f3w. S\u0105 to zaj\u0119cia o charakterze: edukacyjnym,, muzycznym, tanecznym, plastycznym,<br>teatralnym, rekreacyjnym i sportowym. , Grupy dzia\u0142aj\u0105ce odnosz\u0105cych liczne sukcesy o zasi\u0119gu regionalnym,<br>og\u00f3lnopolskim i mi\u0119dzynarodowym. W\u015br\u00f3d nich obecne s\u0105: grupy taneczne, grupy folklorystyczne, zespo\u0142y wokalne oraz<br>studia aktorskie. Ka\u017cdego roku organizatorem oko\u0142o kilkudziesi\u0119ciu imprez kulturalnych. Bogata oferta wydarze\u0144 obejmuje:<br>festiwale, koncerty, turnieje, przegl\u0105dy, konkursy, spektakle, pokazy artystyczne, dni osiedli, pikniki rodzinne, zabawy dla<br>dzieci i doros\u0142ych oraz senior\u00f3w. Centrum Kultury dysponuje 12 filiami.<\/p>\n<\/div>\n<\/div>\n<\/div>\n<\/div>\n\n\n\n<div class=\"wp-block-columns alignfull is-layout-flex wp-container-core-columns-is-layout-9d6595d7 wp-block-columns-is-layout-flex\">\n<div class=\"wp-block-column is-layout-flow wp-block-column-is-layout-flow\" style=\"flex-basis:50%\">\n<div class=\"wp-block-cover is-light\" style=\"min-height:600px;aspect-ratio:unset;\"><span aria-hidden=\"true\" class=\"wp-block-cover__background has-background-dim-100 has-background-dim\" style=\"background-color:#e0e6f9\"><\/span><div class=\"wp-block-cover__inner-container is-layout-flow wp-block-cover-is-layout-flow\"><div class=\"wp-block-image\">\n<figure class=\"aligncenter size-full\"><img loading=\"lazy\" decoding=\"async\" width=\"500\" height=\"500\" src=\"http:\/\/erasmus.eik.regeneracja.org.pl\/wp-content\/uploads\/2022\/09\/11.png\" alt=\"\" class=\"wp-image-47\" srcset=\"http:\/\/erasmus.eik.regeneracja.org.pl\/wp-content\/uploads\/2022\/09\/11.png 500w, http:\/\/erasmus.eik.regeneracja.org.pl\/wp-content\/uploads\/2022\/09\/11-300x300.png 300w, http:\/\/erasmus.eik.regeneracja.org.pl\/wp-content\/uploads\/2022\/09\/11-150x150.png 150w\" sizes=\"auto, (max-width: 500px) 100vw, 500px\" \/><\/figure>\n<\/div><\/div><\/div>\n<\/div>\n\n\n\n<div class=\"wp-block-column is-vertically-aligned-center is-layout-flow wp-block-column-is-layout-flow\" style=\"padding-top:1em;padding-right:1em;padding-bottom:1em;padding-left:1em\">\n<div class=\"wp-block-columns is-layout-flex wp-container-core-columns-is-layout-9d6595d7 wp-block-columns-is-layout-flex\">\n<div class=\"wp-block-column is-layout-flow wp-block-column-is-layout-flow\" style=\"flex-basis:320px\">\n<p class=\"has-small-font-size\" style=\"line-height:1.6\"><strong>\u0160al\u010dinink\u0173 rajono savivaldyb\u0117s kult\u016bros centras<\/strong><\/p>\n\n\n\n<p>G\u0142\u00f3wnym cele prowadzonych przez organizacj\u0119 dzia\u0142a\u0144 s\u0105 wspieranie aktywno\u015bci spo\u0142ecznej zw\u0142aszcza senior\u00f3w (os\u00f3b<br>powy\u017cej 50 roku \u017cycia) poprzez zaj\u0119cia artystyczne, muzyczne, performatywne, kulinarne i psychofizyczne; dbamy o<br>podnoszenie jako\u015bci \u017cycia spo\u0142ecznego, a zw\u0142aszcza senior\u00f3w poprzez promowanie zdrowego stylu \u017cycia (zdrowe<br>od\u017cywianie si\u0119, aktywno\u015b\u0107 fizyczna); wyr\u00f3wnywanie szans spo\u0142ecznych, a zw\u0142aszcza senior\u00f3w zagro\u017conych wykluczeniem<br>(wsparcie umiej\u0119tno\u015bci cyfrowych, komputerowych, online). Celem jest poprawa jako\u015bci \u017cycia os\u00f3b starszych,<br>realizowanego poprzez aktywno\u015b\u0107 spo\u0142eczn\u0105, muzyczn\u0105, kulturaln\u0105, kulinarn\u0105. Inicjowanie i realizacja dzia\u0142a\u0144<br>rozwi\u0105zuj\u0105cych problemy spo\u0142eczne, a zw\u0142aszcza problemy senior\u00f3w i ich rodzin poprzez wsp\u00f3lne aktywno\u015bci<br>mi\u0119dzypokoleniowe i uczestnictwo we wsp\u00f3lnie aran\u017cowanych dzia\u0142aniach i wydarzeniach.<\/p>\n<\/div>\n<\/div>\n<\/div>\n<\/div>\n","protected":false},"excerpt":{"rendered":"<p>Fundacja edukacyjno-sportowa reGeneracja Fundacja dzia\u0142a od po\u0142owy 2014 roku. [&hellip;]<\/p>\n","protected":false},"author":1,"featured_media":0,"parent":0,"menu_order":0,"comment_status":"closed","ping_status":"closed","template":"","meta":{"footnotes":""},"class_list":["post-44","page","type-page","status-publish","hentry"],"_links":{"self":[{"href":"http:\/\/erasmus.eik.regeneracja.org.pl\/index.php?rest_route=\/wp\/v2\/pages\/44","targetHints":{"allow":["GET"]}}],"collection":[{"href":"http:\/\/erasmus.eik.regeneracja.org.pl\/index.php?rest_route=\/wp\/v2\/pages"}],"about":[{"href":"http:\/\/erasmus.eik.regeneracja.org.pl\/index.php?rest_route=\/wp\/v2\/types\/page"}],"author":[{"embeddable":true,"href":"http:\/\/erasmus.eik.regeneracja.org.pl\/index.php?rest_route=\/wp\/v2\/users\/1"}],"replies":[{"embeddable":true,"href":"http:\/\/erasmus.eik.regeneracja.org.pl\/index.php?rest_route=%2Fwp%2Fv2%2Fcomments&post=44"}],"version-history":[{"count":8,"href":"http:\/\/erasmus.eik.regeneracja.org.pl\/index.php?rest_route=\/wp\/v2\/pages\/44\/revisions"}],"predecessor-version":[{"id":233,"href":"http:\/\/erasmus.eik.regeneracja.org.pl\/index.php?rest_route=\/wp\/v2\/pages\/44\/revisions\/233"}],"wp:attachment":[{"href":"http:\/\/erasmus.eik.regeneracja.org.pl\/index.php?rest_route=%2Fwp%2Fv2%2Fmedia&parent=44"}],"curies":[{"name":"wp","href":"https:\/\/api.w.org\/{rel}","templated":true}]}}